{"id":4503,"date":"2022-01-25T14:34:51","date_gmt":"2022-01-25T13:34:51","guid":{"rendered":"https:\/\/roccat.it\/?page_id=4503"},"modified":"2022-01-25T14:34:51","modified_gmt":"2022-01-25T13:34:51","slug":"privacy-policy","status":"publish","type":"page","link":"https:\/\/roccat.it\/de\/privacy-policy\/","title":{"rendered":"Privacy Policy"},"content":{"rendered":"<h1>Datenschutzrichtlinie<\/h1>\n<p>G\u00fcltig seit: 2022-01-25<\/p>\n<p>Aktualisiert am: 2022-01-25<\/p>\n<p>\n  Diese Datenschutzrichtlinie erl\u00e4utert die Richtlinien von<br \/>\nAz. Agricola Roccat zur Erfassung und Verwendung der Informationen, die wir sammeln, wenn Sie auf https:\/\/roccat.it\/ (den \u201eDienst\u201c) zugreifen.<br \/>\nDiese Datenschutzrichtlinie beschreibt Ihre Datenschutzrechte und wie Sie durch Datenschutzgesetze gesch\u00fctzt sind.<\/p>\n<p>\n  Durch die Nutzung unseres Dienstes erkl\u00e4ren Sie sich mit der Erfassung und Nutzung Ihrer<br \/>\nDaten in \u00dcbereinstimmung mit dieser Datenschutzrichtlinie einverstanden. Bitte greifen Sie nicht auf unseren Dienst zu<br \/>\noder nutzen Sie ihn nicht, wenn Sie nicht mit der Erfassung und Nutzung Ihrer Daten, wie in dieser Datenschutzrichtlinie<br \/>\ndargelegt, einverstanden sind. Diese Datenschutzerkl\u00e4rung wurde mithilfe des<br \/>\n<a target=\"_blank\" href=\"https:\/\/cookie-script.com\/privacy-policy-generator\" rel=\"noopener\">CookieScript Datenschutzerkl\u00e4rungs-Generators<\/a><br \/>\nerstellt.<\/p>\n<p>Az. Agricola Roccat ist berechtigt, diese Datenschutzerkl\u00e4rung jederzeit zu \u00e4ndern.<br \/>\nDies kann ohne vorherige Ank\u00fcndigung geschehen. <\/p>\n<p>\n  Az. Agricola Roccat wird die \u00fcberarbeitete Datenschutzrichtlinie auf der<br \/>\nWebsite https:\/\/roccat.it\/ ver\u00f6ffentlichen.<\/p>\n<h3>Erfassung und Verwendung Ihrer pers\u00f6nlichen Daten<\/h3>\n<h4>Welche Art von Daten wir sammeln<\/h4>\n<p>\n      Bei der Nutzung unseres Dienstes werden Sie aufgefordert, uns personenbezogene Daten<br \/>\nmitzuteilen, um Sie zu kontaktieren oder zu identifizieren. https:\/\/roccat.it\/ sammelt die folgenden Informationen:    <\/p>\n<ul>\n<li>Nutzungsdaten<\/li>\n<li>Name<\/li>\n<li>E-Mail<\/li>\n<li>Mobiltelefon<\/li>\n<li>Zahlungsinformationen<\/li>\n<li>Geburtsdatum<\/li>\n<li>Wohnadresse<\/li>\n<li>Profil in den sozialen Medien<\/li>\n<li>B\u00fcroadresse<\/li>\n<\/ul>\n<p>Zu den Nutzungsdaten geh\u00f6ren die folgenden Daten:<\/p>\n<ul>\n<li>Internet-Protokoll (IP)-Adresse der Computer, die auf die Website zugreifen<\/li>\n<li>Website-Anfragen<\/li>\n<li>Verweisende Webseiten<\/li>\n<li>F\u00fcr den Zugriff auf die Website verwendeter Browser<\/li>\n<li>Uhrzeit und Datum des Zugriffs<\/li>\n<\/ul>\n<h4>Auf welche Weise wir Daten sammeln<\/h4>\n<p>\n      https:\/\/roccat.it\/ sammelt und erh\u00e4lt Daten von Ihnen auf folgende Weise:    <\/p>\n<ul>\n<li>Wenn Sie ein Anmeldeformular ausf\u00fcllen oder auf andere Weise Ihre pers\u00f6nlichen Daten \u00fcbermitteln.<\/li>\n<\/ul>\n<p>\n      Ihre Daten werden bis zu 180 Tag(e) nach K\u00fcndigung Ihres<br \/>\nKontos gespeichert. Ihre Daten k\u00f6nnen in \u00dcbereinstimmung mit den geltenden Gesetzen f\u00fcr l\u00e4ngere Zeitr\u00e4ume<br \/>\naufbewahrt werden, um Berichte oder Aufzeichnungen zu erstellen. Daten, die Sie nicht pers\u00f6nlich<br \/>\nidentifizieren, k\u00f6nnen auf unbestimmte Zeit gespeichert werden.    <\/p>\n<h4>Wozu wir Ihre Daten verwenden<\/h4>\n<p>\n          https:\/\/roccat.it\/ kann Ihre Daten f\u00fcr die folgenden Zwecke verwenden:        <\/p>\n<ul>\n<li><b>Bereitstellung und Wartung unseres Dienstes,<\/b>sowie die \u00dcberwachung der Nutzung unseres Dienstes.<\/li>\n<li><b>F\u00fcr sonstige Zwecke.<\/b> Az. Agricola Roccat kann Ihre Daten f\u00fcr Datenanalysen verwenden, um<br \/>\nNutzungstrends zu erkennen oder die Wirksamkeit unserer Marketingkampagnen zu bestimmen, sofern dies angemessen<br \/>\nist. Wir verwenden Ihre Daten, um unseren Dienst, unsere Produkte, Dienstleistungen und Marketingma\u00dfnahmen zu bewerten<br \/>\nund zu verbessern.<\/li>\n<li><b>Verwaltung Ihres Kontos.<\/b> Ihre pers\u00f6nlichen Daten k\u00f6nnen den Zugang zu mehreren<br \/>\nFunktionen unseres Dienstes erm\u00f6glichen, die registrierten Nutzern zur Verf\u00fcgung stehen.<\/li>\n<li><b>Zur Erf\u00fcllung eines vertraglichen Abkommens.<\/b> Ihre pers\u00f6nlichen Daten<br \/>\nhelfen bei der Entwicklung, Durchf\u00fchrung und Einhaltung eines Kaufvertrags f\u00fcr Produkte oder Dienstleistungen, die Sie \u00fcber unseren Dienst erworben haben.<\/li>\n<li><b>Um Sie zu kontaktieren.<\/b> Az. Agricola Roccat kann Sie per E-Mail, Telefon, SMS oder einer anderen<br \/>\nForm der elektronischen Kommunikation im Zusammenhang mit den Funktionen, Produkten, Dienstleistungen oder Sicherheitsupdates kontaktieren, wenn dies notwendig oder angemessen ist.<\/li>\n<li><b>Um Sie<\/b> \u00fcber Neuigkeiten, allgemeine Informationen, Sonderangebote, neue Dienste und Veranstaltungen zu informieren.<\/li>\n<li><b>Marketing- und Werbeinitiativen.<\/b> Az. Agricola Roccat kann die von Ihnen<br \/>\ngesammelten, nicht personenbezogenen Daten nutzen, um seine Marketingma\u00dfnahmen zu verbessern.<\/li>\n<li><b>Gezielte Werbung.<\/b> Ihre pers\u00f6nlichen Daten k\u00f6nnen verwendet werden, um<br \/>\nWerbeschaltungen zu erm\u00f6glichen, die auf Ihre spezifischen Interessen zugeschnitten ist.<\/li>\n<li><b>Sammlung von Erfahrungsberichten und Kundenfeedback.<\/b> Wenn Sie ein Zeugnis oder<br \/>\neine Bewertung \u00fcber Ihre Erfahrungen mit unserem Dienst abgeben, k\u00f6nnen diese auf der Website ver\u00f6ffentlicht oder<br \/>\nanderweitig geteilt werden.<\/li>\n<li><b>Verwaltung von Kundenauftr\u00e4gen.<\/b> Ihre E-Mail-Adresse, Telefonnummer, Social-Media-Profile<br \/>\nund andere Nutzerkontodaten werden verwendet, um die \u00fcber unseren Dienst aufgegebenen Bestellungen zu verwalten.<\/li>\n<li><b>Verwaltungsangaben.<\/b> Ihre pers\u00f6nlichen Daten k\u00f6nnen im Rahmen der Verwaltung unserer Website verwendet werden.<\/li>\n<li><b>Streitschlichtung und Objektschutz.<\/b> Ihre Daten k\u00f6nnen im Falle eines Rechtsstreits zur<br \/>\nL\u00f6sung von Problemen im Zusammenhang mit unserem Dienst verwendet werden.<\/li>\n<li><b>Nutzer-zu-Nutzer-Kommentare.<\/b> Ihre Daten, wie z. B. Ihr Pseudonym, Ihr pers\u00f6nliches<br \/>\nBild oder Ihre E-Mail-Adresse, sind \u00f6ffentlich einsehbar, wenn Sie Kommentare von Nutzern f\u00fcr Nutzer ver\u00f6ffentlichen.<\/li>\n<\/ul>\n<h4>Wie wir Ihre Daten verwenden<\/h4>\n<p>\n          Az. Agricola Roccat kann Ihre Daten gegebenenfalls in den folgenden Situationen weitergeben:        <\/p>\n<ul>\n<li><b>Mit Ihrer Zustimmung.<\/b> Az. Agricola Roccat wird Ihre Daten f\u00fcr jeden Zweck nur mit Ihrer ausdr\u00fccklichen Zustimmung weitergeben.<\/li>\n<\/ul>\n<h4>Freigabe durch Dritte<\/h4>\n<p>\n          Jede Drittpartei, an die wir Ihre Daten weitergeben, muss den Zweck offenlegen, f\u00fcr<br \/>\nden sie Ihre Daten zu verwenden beabsichtigt. Sie d\u00fcrfen Ihre Daten nur f\u00fcr den Zeitraum aufbewahren, der bei der<br \/>\nAnforderung oder dem Erhalt der Daten angegeben wurde. Der Drittanbieter darf Ihre pers\u00f6nlichen Daten nicht weiter<br \/>\nerfassen, verkaufen oder verwenden, es sei denn, dies ist zur Erf\u00fcllung des angegebenen Zwecks erforderlich.        <\/p>\n<p>Ihre Daten k\u00f6nnen aus folgenden Gr\u00fcnden an Dritte weitergegeben werden:<\/p>\n<ul>\n<li><b>Analysedaten.<\/b> Ihre Daten k\u00f6nnen an Online-Analyse-Tools<br \/>\nweitergegeben werden, um den Website-Verkehr zu verfolgen und zu analysieren.<\/li>\n<li><b>Zahlungsabwicklungs- und -eintreiberdienste.<\/b> Ihre Daten werden<br \/>\nverwendet, um Zahlungen im Falle eines Kaufs, einer R\u00fcckerstattung oder einer \u00e4hnlichen Anfrage zu bearbeiten.<\/li>\n<li><b>Marketinginitiativen.<\/b> Ihre Daten werden f\u00fcr die Erstellung und den<br \/>\nVersand von Newslettern, E-Mail-Marketingma\u00dfnahmen, Werbung und mehr verwendet<\/li>\n<li><b>Schaltung gezielter Werbekampagnen.<\/b> Az. Agricola Roccat arbeitet mit Drittanbietern<br \/>\nzusammen, um gezielte Werbekampagnen zu schalten.<\/li>\n<\/ul>\n<p>\n          Wenn Sie sich daf\u00fcr entscheiden, solche Daten w\u00e4hrend der<br \/>\nRegistrierung oder anderweitig zur Verf\u00fcgung zu stellen, erteilen Sie Az. Agricola Roccat die Erlaubnis, diese Informationen<br \/>\n  in \u00dcbereinstimmung mit dieser Datenschutzrichtlinie zu verwenden, weiterzugeben und zu speichern.        <\/p>\n<p>Ihre Daten k\u00f6nnen aus weiteren Gr\u00fcnden<br \/>\nweitergegeben werden, z. B:<\/p>\n<ul>\n<li>Einhaltung geltender Gesetze, Vorschriften oder gerichtlicher Anordnungen.<\/li>\n<li>Reagieren auf Behauptungen, dass Ihre Nutzung unseres Dienstes die Rechte Dritter verletzt.<\/li>\n<li>Durchsetzung von Vereinbarungen, die Sie mit uns getroffen haben, einschlie\u00dflich dieser Datenschutzrichtlinie.<\/li>\n<\/ul>\n<h4>Cookies<\/h4>\n<p>\n        Cookies sind kleine Textdateien, die von<br \/>\nWebsites, die Sie besuchen, auf Ihrem Computer gespeichert werden. Websites verwenden Cookies, um den Nutzern eine<br \/>\neffiziente Navigation zu erm\u00f6glichen und zu helfen, bestimmte Funktionen auszuf\u00fchren. Cookies, die f\u00fcr den<br \/>\nordnungsgem\u00e4\u00dfen Betrieb der Website erforderlich sind, d\u00fcrfen auch ohne Ihre Zustimmung gesetzt werden. Alle anderen<br \/>\nCookies m\u00fcssen erst genehmigt werden, bevor sie im Browser gesetzt werden k\u00f6nnen.    <\/p>\n<ul>\n<li><b>Unbedingt erforderliche Cookies.<\/b> Unbedingt erforderliche Cookies erm\u00f6glichen<br \/>\nwesentliche Kernfunktionen der Website wie die Benutzeranmeldung und die Kontoverwaltung. Ohne die unbedingt<br \/>\nerforderlichen Cookies kann die Website nicht ordnungsgem\u00e4\u00df verwendet werden.<\/li>\n<li><b>Performance-Cookies.<\/b> Performance-Cookies sammeln Informationen dar\u00fcber, wie Besucher<br \/>\neine Webseite nutzen, z. B. Analyse-Cookies. Diese Cookies k\u00f6nnen nicht verwendet werden, um einen bestimmten Besucher<br \/>\ndirekt zu identifizieren.<\/li>\n<li><b>Targeting-Cookies.<\/b> Targeting-Cookies werden verwendet, um Besucher zwischen verschiedenen<br \/>\nWebsites zu identifizieren, z. B. Content-Partner, Bannernetzwerke. Diese Cookies k\u00f6nnen von Unternehmen verwendet werden,<br \/>\num ein Profil der Besucherinteressen zu erstellen oder relevante Anzeigen auf anderen Websites zu schalten.<\/li>\n<li><b>Funktionale Cookies.<\/b> Funktionale Cookies werden verwendet, um Besucherinformationen<br \/>\nauf der Website zu speichern, z. Sprache, Zeitzone, erweiterter Inhalte.<\/li>\n<li><b>Unklassifizierte Cookies.<\/b> Unklassifizierte Cookies sind Cookies, die keiner der<br \/>\nanderen Kategorien angeh\u00f6ren oder sich im Prozess der Klassifizierung befinden.<\/li>\n<\/ul>\n<div class=\"cookie-report-container\">\n<p data-cookiereport=\"true\">\n                Sie k\u00f6nnen Ihre Zustimmung zur Cookie-Nutzung unten \u00e4ndern.            <\/p>\n<p>            <script\n                type=\"text\/javascript\"\n                charset=\"UTF-8\"\n                data-cookiescriptreport=\"report\"\n                data-cs-lang=\"de\"\n                src=\"\/\/report.cookie-script.com\/r\/d71d8dcb37af451a2f5ed7868815908a.js\"\n            >\n            <\/script>\n        <\/div>\n<h4>Sicherheit<\/h4>\n<p>\n      Die Sicherheit Ihrer Daten ist f\u00fcr uns wichtig. https:\/\/roccat.it\/ setzt<br \/>\neine Reihe von Sicherheitsma\u00dfnahmen ein, um den Missbrauch, den Verlust oder die Ver\u00e4nderung der von Ihnen zur Verf\u00fcgung<br \/>\ngestellten Daten zu verhindern. Da wir jedoch die Sicherheit der von Ihnen bereitgestellten Daten nicht garantieren<br \/>\nk\u00f6nnen, erfolgt der Zugang zu unserem Dienst auf Ihr eigenes Risiko.    <\/p>\n<p>\n      Az. Agricola Roccat ist nicht verantwortlich f\u00fcr die Leistung von<br \/>\nWebsites, die von Dritten betrieben werden, oder f\u00fcr Ihre Interaktionen mit diesen. Wenn Sie diese Website<br \/>\nverlassen, empfehlen wir Ihnen, die Datenschutzpraktiken anderer Websites, mit denen Sie interagieren, zu \u00fcberpr\u00fcfen<br \/>\nund die Angemessenheit dieser Praktiken festzustellen.    <\/p>\n<h4>Kontakt<\/h4>\n<p>Wenn Sie Fragen haben, kontaktieren Sie uns bitte \u00fcber eine der folgenden Kan\u00e4le:<\/p>\n<p>Name: Az. Agricola Roccat<\/p>\n<p>Adresse: Via Roccat e Ferrari, 1 Valdobbiadene, 31049, IT<\/p>\n<p>E-Mail: info@roccat.it<\/p>\n<p>Website: https:\/\/roccat.it\/<\/p>\n<p>Telefon: +39 0423 972 839<\/p>\n","protected":false},"excerpt":{"rendered":"<p>Datenschutzrichtlinie G\u00fcltig seit: 2022-01-25 Aktualisiert am: 2022-01-25 Diese Datenschutzrichtlinie erl\u00e4utert die Richtlinien von Az. Agricola Roccat zur Erfassung und Verwendung der Informationen, die wir sammeln, wenn Sie auf https:\/\/roccat.it\/ (den \u201eDienst\u201c) zugreifen. Diese Datenschutzrichtlinie beschreibt Ihre Datenschutzrechte und wie Sie durch Datenschutzgesetze gesch\u00fctzt sind. Durch die Nutzung unseres Dienstes erkl\u00e4ren Sie sich mit der Erfassung [&hellip;]<\/p>\n","protected":false},"author":2,"featured_media":0,"parent":0,"menu_order":0,"comment_status":"closed","ping_status":"open","template":"","meta":{"footnotes":""},"class_list":["post-4503","page","type-page","status-publish","hentry"],"_links":{"self":[{"href":"https:\/\/roccat.it\/de\/wp-json\/wp\/v2\/pages\/4503","targetHints":{"allow":["GET"]}}],"collection":[{"href":"https:\/\/roccat.it\/de\/wp-json\/wp\/v2\/pages"}],"about":[{"href":"https:\/\/roccat.it\/de\/wp-json\/wp\/v2\/types\/page"}],"author":[{"embeddable":true,"href":"https:\/\/roccat.it\/de\/wp-json\/wp\/v2\/users\/2"}],"replies":[{"embeddable":true,"href":"https:\/\/roccat.it\/de\/wp-json\/wp\/v2\/comments?post=4503"}],"version-history":[{"count":2,"href":"https:\/\/roccat.it\/de\/wp-json\/wp\/v2\/pages\/4503\/revisions"}],"predecessor-version":[{"id":4505,"href":"https:\/\/roccat.it\/de\/wp-json\/wp\/v2\/pages\/4503\/revisions\/4505"}],"wp:attachment":[{"href":"https:\/\/roccat.it\/de\/wp-json\/wp\/v2\/media?parent=4503"}],"curies":[{"name":"wp","href":"https:\/\/api.w.org\/{rel}","templated":true}]}}